{"id":100,"date":"2025-10-30T22:22:05","date_gmt":"2025-10-30T22:22:05","guid":{"rendered":"https:\/\/quiosquetuga.ch\/?page_id=100"},"modified":"2025-10-30T23:11:27","modified_gmt":"2025-10-30T23:11:27","slug":"quiosque-tuga","status":"publish","type":"page","link":"https:\/\/quiosquetuga.ch\/pt\/","title":{"rendered":"Quiosque Tuga"},"content":{"rendered":"<div data-elementor-type=\"wp-page\" data-elementor-id=\"100\" class=\"elementor elementor-100\">\n\t\t\t\t<div class=\"elementor-element elementor-element-763d4a1 e-flex e-con-boxed e-con e-parent\" data-id=\"763d4a1\" data-element_type=\"container\" data-e-type=\"container\">\n\t\t\t\t\t<div class=\"e-con-inner\">\n\t\t\t\t<div class=\"elementor-element elementor-element-4e1dd1b elementor-widget elementor-widget-html\" data-id=\"4e1dd1b\" data-element_type=\"widget\" data-e-type=\"widget\" data-widget_type=\"html.default\">\n\t\t\t\t\t<section class=\"hero-section\">\r\n    <div class=\"hero-image-container\">\r\n        <img decoding=\"async\" src=\"https:\/\/quiosquetuga.ch\/wp-content\/uploads\/2025\/10\/Basel.jpg\" \r\n             alt=\"Quiosque Tuga \u2013 Online-Shop und L-Digital Service\" \r\n             class=\"hero-image\">\r\n    <\/div>\r\n    \r\n    <div class=\"hero-content\">\r\n        <h1>Quiosque Tuga <\/h1>\r\n        <h2>Tradi\u00e7\u00e3o de Portugal, sabor na Sui\u00e7a<\/h2>\r\n        \r\n        <div class=\"hero-buttons\">\r\n            <a href=\"https:\/\/quiosquetuga.ch\/pt\/shop\/\" class=\"button button-primary\">\r\n                Zum Online-Kiosk: Snacks & Getr\u00e4nke bestellen \ud83d\uded2\r\n            <\/a>\r\n            \r\n          \r\n            <\/a>\r\n        <\/div>\r\n    <\/div>\r\n<\/section>\r\n\r\n<style>\r\n\/* CSS F\u00dcR DEN HERO-BEREICH (MIT VERBESSERTER ZENTRIERUNG) *\/\r\n.hero-section {\r\n    display: flex;\r\n    position: relative;\r\n    align-items: center; \/* Zentriert den Inhalt vertikal *\/\r\n    justify-content: center; \/* Zentriert den Inhalt horizontal *\/\r\n    text-align: center;\r\n    \r\n    \/* NEU\/KORRIGIERT: Stellt sicher, dass die Sektion mindestens die H\u00f6he des sichtbaren Fensters einnimmt *\/\r\n    min-height: 100vh; \r\n    \r\n    overflow: hidden;\r\n}\r\n\r\n.hero-image-container {\r\n    position: absolute;\r\n    top: 0;\r\n    left: 0;\r\n    width: 100%;\r\n    height: 100%;\r\n    z-index: 1;\r\n}\r\n\r\n.hero-image {\r\n    width: 100%;\r\n    height: 100%;\r\n    object-fit: cover;\r\n    filter: brightness(0.6);\r\n}\r\n\r\n.hero-content {\r\n    position: relative;\r\n    z-index: 2;\r\n    color: white;\r\n    padding: 20px;\r\n    max-width: 800px;\r\n    \r\n    \/* F\u00fcgt eine kleine Hintergrundschicht hinzu, um die Lesbarkeit IMMER zu gew\u00e4hrleisten (optional) *\/\r\n    background: rgba(0, 0, 0, 0.1); \r\n    border-radius: 10px;\r\n}\r\n\r\n.hero-content h1 {\r\n    font-size: 3em;\r\n    margin-bottom: 0.2em;\r\n}\r\n\r\n.hero-content h2 {\r\n    font-size: 1.5em;\r\n    font-weight: 300;\r\n    margin-bottom: 1.5em;\r\n}\r\n\r\n.hero-buttons {\r\n    display: flex;\r\n    justify-content: center;\r\n    gap: 20px;\r\n    flex-wrap: wrap;\r\n}\r\n\r\n.button {\r\n    padding: 15px 30px;\r\n    text-decoration: none;\r\n    font-weight: bold;\r\n    border-radius: 8px;\r\n    transition: background-color 0.3s;\r\n}\r\n\r\n.button-primary {\r\n    background-color: #e53935; \r\n    color: white;\r\n    border: 2px solid #e53935;\r\n}\r\n\r\n.button-secondary {\r\n    background-color: transparent;\r\n    color: white;\r\n    border: 2px solid white;\r\n}\r\n\r\n.button-primary:hover {\r\n    background-color: #c62828;\r\n}\r\n\r\n.button-secondary:hover {\r\n    background-color: white;\r\n    color: #333;\r\n}\r\n\r\n\/* Anpassung f\u00fcr kleinere Bildschirme *\/\r\n@media (max-width: 600px) {\r\n    .hero-buttons {\r\n        flex-direction: column;\r\n    }\r\n}\r\n<\/style>\t\t\t\t<\/div>\n\t\t\t\t<div class=\"elementor-element elementor-element-256da98 elementor-widget elementor-widget-html\" data-id=\"256da98\" data-element_type=\"widget\" data-e-type=\"widget\" data-widget_type=\"html.default\">\n\t\t\t\t\t<section class=\"quiosque-focus-box\" aria-label=\"Quiosque Tuga Angebot\">\r\n\u00a0 <div class=\"ld-focus-track\">\r\n\r\n\u00a0 \u00a0 \u00a0 \u00a0 <article class=\"ld-focus-card\" data-slide=\"0\">\r\n\u00a0 \u00a0 \u00a0 <img decoding=\"async\" src=\"https:\/\/cdn.pixabay.com\/photo\/2016\/09\/27\/15\/41\/bottles-1774351_1280.jpg\" alt=\"Getr\u00e4nke und Softdrinks\" loading=\"lazy\">\r\n\u00a0 \u00a0 \u00a0 <div class=\"ld-focus-content ld-bg-hell\">\r\n\u00a0 \u00a0 \u00a0 \u00a0 <h3 class=\"ld-focus-title\">Erfrischungen & Softdrinks<\/h3>\r\n\u00a0 \u00a0 \u00a0 \u00a0 <span class=\"ld-icon large-icon\">\ud83e\udd64<\/span>\r\n\u00a0 \u00a0 \u00a0 \u00a0 <p class=\"box-description\">Klassiker und neue Trend-Drinks. Gek\u00fchlt und bereit zur direkten Lieferung an Ihre Adresse.<\/p>\r\n\u00a0 \u00a0 \u00a0 <\/div>\r\n\u00a0 \u00a0 <\/article>\r\n\r\n\u00a0 \u00a0 \u00a0 \u00a0 <article class=\"ld-focus-card\" data-slide=\"1\">\r\n\u00a0 \u00a0 \u00a0 <img decoding=\"async\" src=\"https:\/\/cdn.pixabay.com\/photo\/2017\/01\/29\/18\/43\/food-2018805_1280.jpg\" alt=\"Chips und Snacks\" loading=\"lazy\">\r\n\u00a0 \u00a0 \u00a0 <div class=\"ld-focus-content ld-bg-haupt\">\r\n\u00a0 \u00a0 \u00a0 \u00a0 <h3 class=\"ld-focus-title\">Snacks & S\u00fcsses<\/h3>\r\n\u00a0 \u00a0 \u00a0 \u00a0 <span class=\"ld-icon large-icon\">\ud83c\udf7f<\/span>\r\n\u00a0 \u00a0 \u00a0 \u00a0 <p class=\"box-description\">Von salzig bis zuckers\u00fcss. Alles f\u00fcr den kleinen Hunger zwischendurch finden Sie in unserem Online-Kiosk.<\/p>\r\n\u00a0 \u00a0 \u00a0 <\/div>\r\n\u00a0 \u00a0 <\/article>\r\n\r\n\u00a0 \u00a0 \u00a0 \u00a0 <article class=\"ld-focus-card active coming-soon-card\" data-slide=\"2\">\r\n\u00a0 \u00a0 \u00a0 <img decoding=\"async\" src=\"https:\/\/cdn.pixabay.com\/photo\/2017\/03\/17\/14\/08\/portugal-2151609_1280.jpg\" alt=\"Portugiesische Speisen und Wein\" loading=\"lazy\">\r\n\u00a0 \u00a0 \u00a0 <div class=\"ld-focus-content ld-bg-gold\">\r\n\u00a0 \u00a0 \u00a0 \u00a0 <h3 class=\"ld-focus-title coming-title\">Kommt bald! \ud83d\udd1c<\/h3>\r\n\u00a0 \u00a0 \u00a0 \u00a0 <span class=\"ld-icon large-icon\">\ud83d\udd25<\/span>\r\n\u00a0 \u00a0 \u00a0 \u00a0 <p class=\"box-description\">Wir erweitern unser Sortiment in K\u00fcrze um **warme Gerichte**, Desserts, Paes und \u2013 nach erfolgter Bewilligung \u2013 um Bier und Wein.<\/p>\r\n\u00a0 \u00a0 \u00a0 <\/div>\r\n\u00a0 \u00a0 <\/article>\r\n\r\n\u00a0 <\/div>\r\n\u00a0 <div style=\"text-align:center; padding-top: 30px;\">\r\n\u00a0 \u00a0 <a href=\"https:\/\/quiosquetuga.ch\/pt\/shop\/\" class=\"button button-shop-now\">\r\n\u00a0 \u00a0 \u00a0 Jetzt bestellen und beliefern lassen!\r\n\u00a0 \u00a0 <\/a>\r\n\u00a0 <\/div>\r\n<\/section>\r\n\r\n<style>\r\n\/* Wenn Sie das L-Digital CSS im <head> haben, brauchen Sie hier nur die Erg\u00e4nzungen *\/\r\n\r\n:root{\r\n\u00a0 --ld-hell:#6BAFFF;\u00a0 \u00a0\/* hellblau *\/\r\n\u00a0 --ld-haupt:#005099;\u00a0 \/* Hauptfarbe *\/\r\n\u00a0 --ld-gold:#d4af37;\r\n\u00a0 --radius:10px;\r\n}\r\n\r\n\/* Anpassungen nur f\u00fcr die neuen Elemente *\/\r\n.quiosque-focus-box {\r\n    \/* Optional: Hintergrundfarbe \u00e4ndern, wenn die Sektionen auf derselben Seite sind *\/\r\n    padding-top: 60px;\r\n}\r\n\r\n.ld-focus-content {\r\n    \/* F\u00fcgt Abstand f\u00fcr die vereinfachte Darstellung hinzu *\/\r\n    text-align: center;\r\n}\r\n\r\n.large-icon {\r\n    font-size: 3.5rem !important; \/* Gr\u00f6ssere Icons f\u00fcr mehr visuellen Fokus *\/\r\n    display: block;\r\n    margin: 10px 0;\r\n}\r\n\r\n.box-description {\r\n    font-size: 0.95rem;\r\n    line-height: 1.5;\r\n}\r\n\r\n\/* Spezifische Farbe f\u00fcr die \"Kommt bald\" Box (Hervorhebung) *\/\r\n.ld-bg-gold {\r\n    background-color: var(--ld-gold);\r\n}\r\n\r\n.coming-soon-card {\r\n    \/* Spezielle Animation\/Effekt f\u00fcr die 'Kommt bald' Karte, wenn Sie sie immer aktiv haben wollen *\/\r\n}\r\n\r\n.coming-title {\r\n    color: #333 !important; \/* Schwarze Schrift auf Gold f\u00fcr bessere Lesbarkeit *\/\r\n}\r\n\r\n\/* Button-Styling (Wiederverwendung des Stils aus dem Hero-Bereich) *\/\r\n.button-shop-now {\r\n    display: inline-block;\r\n    padding: 15px 30px;\r\n    background-color: var(--ld-haupt); \r\n    color: white;\r\n    text-decoration: none;\r\n    font-weight: bold;\r\n    border-radius: 8px;\r\n    transition: background-color 0.3s;\r\n}\r\n.button-shop-now:hover {\r\n    background-color: #e53935; \/* Tuga-Rot als Hover-Effekt *\/\r\n}\r\n\r\n<\/style>\t\t\t\t<\/div>\n\t\t\t\t\t<\/div>\n\t\t\t\t<\/div>\n\t\t\t\t<\/div>","protected":false},"excerpt":{"rendered":"<p>Quiosque Tuga Tradi\u00e7\u00e3o de Portugal, sabor na Sui\u00e7a Zum Online-Kiosk: Snacks &#038; Getr\u00e4nke bestellen \ud83d\uded2 \u00a0 \u00a0 \u00a0 \u00a0 \u00a0 \u00a0 \u00a0 \u00a0 \u00a0 \u00a0 \u00a0 \u00a0 \u00a0 \u00a0 \u00a0 Erfrischungen &#038; Softdrinks \u00a0 \u00a0 \u00a0 \u00a0 \ud83e\udd64 \u00a0 \u00a0 \u00a0 \u00a0 Klassiker und neue Trend-Drinks. Gek\u00fchlt und bereit zur direkten Lieferung an Ihre Adresse. [&hellip;]<\/p>\n","protected":false},"author":1,"featured_media":0,"parent":0,"menu_order":0,"comment_status":"closed","ping_status":"closed","template":"","meta":{"footnotes":""},"class_list":["post-100","page","type-page","status-publish","hentry"],"jetpack_sharing_enabled":true,"_links":{"self":[{"href":"https:\/\/quiosquetuga.ch\/pt\/wp-json\/wp\/v2\/pages\/100","targetHints":{"allow":["GET"]}}],"collection":[{"href":"https:\/\/quiosquetuga.ch\/pt\/wp-json\/wp\/v2\/pages"}],"about":[{"href":"https:\/\/quiosquetuga.ch\/pt\/wp-json\/wp\/v2\/types\/page"}],"author":[{"embeddable":true,"href":"https:\/\/quiosquetuga.ch\/pt\/wp-json\/wp\/v2\/users\/1"}],"replies":[{"embeddable":true,"href":"https:\/\/quiosquetuga.ch\/pt\/wp-json\/wp\/v2\/comments?post=100"}],"version-history":[{"count":7,"href":"https:\/\/quiosquetuga.ch\/pt\/wp-json\/wp\/v2\/pages\/100\/revisions"}],"predecessor-version":[{"id":109,"href":"https:\/\/quiosquetuga.ch\/pt\/wp-json\/wp\/v2\/pages\/100\/revisions\/109"}],"wp:attachment":[{"href":"https:\/\/quiosquetuga.ch\/pt\/wp-json\/wp\/v2\/media?parent=100"}],"curies":[{"name":"wp","href":"https:\/\/api.w.org\/{rel}","templated":true}]}}